{"id":20577,"date":"2020-08-02T13:41:16","date_gmt":"2020-08-02T11:41:16","guid":{"rendered":"http:\/\/blog.die-aktive.de\/?page_id=20577"},"modified":"2022-05-18T15:16:47","modified_gmt":"2022-05-18T13:16:47","slug":"wahlprogramm-kreis-2020","status":"publish","type":"page","link":"http:\/\/blog.die-aktive.de\/?page_id=20577","title":{"rendered":"Wahlprogramm Kreis 2020"},"content":{"rendered":"<h2>Unser Programm f\u00fcr den Rhein-Kreis Neuss<\/h2>\n<h4>1. Ortsverbindende Mobilit\u00e4t<\/h4>\n<p>Wir wollen die Fahrrad-Mobilit\u00e4t im Rhein-Kreis Neuss Kreis auf eine neue Basis stellen. R\u00fcckgrad des Fahrrad-, Pedelec- und E-Bike-Verkehrs soll ein Radschnellweg von der Stadtgrenze M\u00f6nchengladbach \u00fcber Korschenbroich-Kleinenbroich-Kaarst bis nach Neuss sein. In Neuss findet dieser Radschnellweg Anschluss an den bereits geplanten Radschnellweg von Neuss nach D\u00fcsseldorf.<\/p>\n<p>Hintergrund: Was ist ein Radschnellweg?<br \/>\nEin Radschnellweg verbindet mehrere Zentren \u00fcber gr\u00f6\u00dfere Entfernung. Er hat eine Mindestbreite von 4 Metern (bei zwei Richtungen) und soll m\u00f6glichst kreuzungsfrei (oder bevorrechtigt) sein. Mit einem hochwertigen Belag und teilweise auch Beleuchtung erm\u00f6glicht er eine Durchschnittsgeschwindigkeit von mehr als 20 km\/h.<\/p>\n<h4>2.Versorgungsqualit\u00e4t f\u00fcr unsere Alten besser machen<\/h4>\n<p>Die Zahl der Menschen, die in Alten- und Pflegeheimen untergebracht sind, w\u00e4chst auch im Rhein-Kreis-Neuss deutlich auf. Gleichzeitig nimmt die M\u00f6glichkeit der direkten Kontrolle f\u00fcr Stadt und Kreis ab, da zunehmend Alten- und Pflegeheime nicht mehr im Eigentum von Kreis oder Stadt sind, sondern privatrechtlich gef\u00fchrt werden. Die privatrechtliche Organisation verhindert nicht, dass es auch dort Missst\u00e4nde gibt. Gut gemeinte Vorst\u00f6\u00dfe der Politik versickern im Zust\u00e4ndigkeits-wirrwarr. Deswegen wollen wir im Rhein-Kreis Neuss einen Mitarbeiter des Kreises haben, dessen Aufgabe es ist, f\u00fcr die Angeh\u00f6rigen als zentraler Ansprechpartner bereitzustehen und der diesen Missst\u00e4nden nachgeht.<\/p>\n<h4>3. Grundwasser<\/h4>\n<p>Die Probleme mit dem Wiederanstieg des Grundwassers gibt es nicht nur im Stadtgebiet Korschenbroich, sondern auch in anderen St\u00e4dten im Kreisgebiet. betroffen sind insbesondere Teile von Kaarst und Gohr.<br \/>\nSchwerpunkt f\u00fcr Kaarst ist die Verbesserung der Flie\u00dfqualit\u00e4t des Nordkanales, damit ankommendes Wasser schneller abtransportiert werden kann und nicht versickert.<br \/>\nF\u00fcr Gohr gilt das Gleiche wie f\u00fcr Korschenbroich. Mittelfristig sollten die dortigen Kappungsma\u00dfnahmen aus dem st\u00e4dtischen und dem Kreishaushalt finanziert werden.<\/p>\n","protected":false},"excerpt":{"rendered":"<p>Unser Programm f\u00fcr den Rhein-Kreis Neuss 1. Ortsverbindende Mobilit\u00e4t Wir wollen die Fahrrad-Mobilit\u00e4t im Rhein-Kreis Neuss Kreis auf eine neue Basis stellen. R\u00fcckgrad des Fahrrad-, Pedelec- und E-Bike-Verkehrs soll ein Radschnellweg von der Stadtgrenze M\u00f6nchengladbach \u00fcber Korschenbroich-Kleinenbroich-Kaarst bis nach Neuss &hellip; <a href=\"http:\/\/blog.die-aktive.de\/?page_id=20577\">Weiterlesen <span class=\"meta-nav\">&rarr;<\/span><\/a><\/p>\n","protected":false},"author":5,"featured_media":0,"parent":1478,"menu_order":-3,"comment_status":"closed","ping_status":"closed","template":"","meta":[],"_links":{"self":[{"href":"http:\/\/blog.die-aktive.de\/index.php?rest_route=\/wp\/v2\/pages\/20577"}],"collection":[{"href":"http:\/\/blog.die-aktive.de\/index.php?rest_route=\/wp\/v2\/pages"}],"about":[{"href":"http:\/\/blog.die-aktive.de\/index.php?rest_route=\/wp\/v2\/types\/page"}],"author":[{"embeddable":true,"href":"http:\/\/blog.die-aktive.de\/index.php?rest_route=\/wp\/v2\/users\/5"}],"replies":[{"embeddable":true,"href":"http:\/\/blog.die-aktive.de\/index.php?rest_route=%2Fwp%2Fv2%2Fcomments&post=20577"}],"version-history":[{"count":3,"href":"http:\/\/blog.die-aktive.de\/index.php?rest_route=\/wp\/v2\/pages\/20577\/revisions"}],"predecessor-version":[{"id":20582,"href":"http:\/\/blog.die-aktive.de\/index.php?rest_route=\/wp\/v2\/pages\/20577\/revisions\/20582"}],"up":[{"embeddable":true,"href":"http:\/\/blog.die-aktive.de\/index.php?rest_route=\/wp\/v2\/pages\/1478"}],"wp:attachment":[{"href":"http:\/\/blog.die-aktive.de\/index.php?rest_route=%2Fwp%2Fv2%2Fmedia&parent=20577"}],"curies":[{"name":"wp","href":"https:\/\/api.w.org\/{rel}","templated":true}]}}