{"id":1480,"date":"2013-05-09T09:59:19","date_gmt":"2013-05-09T07:59:19","guid":{"rendered":"http:\/\/blog.die-aktive.de\/?page_id=1480"},"modified":"2020-12-08T11:32:15","modified_gmt":"2020-12-08T10:32:15","slug":"geschaftsstelle","status":"publish","type":"page","link":"http:\/\/blog.die-aktive.de\/?page_id=1480","title":{"rendered":"Kontaktadressen"},"content":{"rendered":"<p><strong>F\u00fcr die Fraktion:<\/strong><br \/>\nHanns-Lothar Endell<br \/>\nHubertusstra\u00dfe 10a<br \/>\n41352 Korschenbroich-Herrenshoff<\/p>\n<p>Email: fraktion@die-aktive.de<\/p>\n<p><strong>F\u00fcr die W\u00e4hlergemeinschaft:<\/strong><br \/>\nGabriele Parting<br \/>\nFriedhofsweg 10<br \/>\n41352 Korschenbroich-Kleinenbroich<\/p>\n<p>Email: info@die-aktive.de<\/p>\n","protected":false},"excerpt":{"rendered":"<p>F\u00fcr die Fraktion: Hanns-Lothar Endell Hubertusstra\u00dfe 10a 41352 Korschenbroich-Herrenshoff Email: fraktion@die-aktive.de F\u00fcr die W\u00e4hlergemeinschaft: Gabriele Parting Friedhofsweg 10 41352 Korschenbroich-Kleinenbroich Email: info@die-aktive.de<\/p>\n","protected":false},"author":5,"featured_media":0,"parent":1478,"menu_order":50,"comment_status":"closed","ping_status":"closed","template":"","meta":[],"_links":{"self":[{"href":"http:\/\/blog.die-aktive.de\/index.php?rest_route=\/wp\/v2\/pages\/1480"}],"collection":[{"href":"http:\/\/blog.die-aktive.de\/index.php?rest_route=\/wp\/v2\/pages"}],"about":[{"href":"http:\/\/blog.die-aktive.de\/index.php?rest_route=\/wp\/v2\/types\/page"}],"author":[{"embeddable":true,"href":"http:\/\/blog.die-aktive.de\/index.php?rest_route=\/wp\/v2\/users\/5"}],"replies":[{"embeddable":true,"href":"http:\/\/blog.die-aktive.de\/index.php?rest_route=%2Fwp%2Fv2%2Fcomments&post=1480"}],"version-history":[{"count":12,"href":"http:\/\/blog.die-aktive.de\/index.php?rest_route=\/wp\/v2\/pages\/1480\/revisions"}],"predecessor-version":[{"id":20678,"href":"http:\/\/blog.die-aktive.de\/index.php?rest_route=\/wp\/v2\/pages\/1480\/revisions\/20678"}],"up":[{"embeddable":true,"href":"http:\/\/blog.die-aktive.de\/index.php?rest_route=\/wp\/v2\/pages\/1478"}],"wp:attachment":[{"href":"http:\/\/blog.die-aktive.de\/index.php?rest_route=%2Fwp%2Fv2%2Fmedia&parent=1480"}],"curies":[{"name":"wp","href":"https:\/\/api.w.org\/{rel}","templated":true}]}}