{"id":1434,"date":"2013-05-08T21:23:07","date_gmt":"2013-05-08T19:23:07","guid":{"rendered":"http:\/\/blog.die-aktive.de\/?page_id=1434"},"modified":"2020-12-08T11:33:29","modified_gmt":"2020-12-08T10:33:29","slug":"impressum-2","status":"publish","type":"page","link":"http:\/\/blog.die-aktive.de\/?page_id=1434","title":{"rendered":"Impressum"},"content":{"rendered":"<h2>Kontaktadressen:<\/h2>\n<p><strong>F\u00fcr die Fraktion:<\/strong><br \/>\nHanns-Lothar Endell<br \/>\nHubertusstra\u00dfe 10a<br \/>\n41352 Korschenbroich-Herrenshoff<\/p>\n<p>Email: fraktion@die-aktive.de<\/p>\n<p><strong>F\u00fcr die W\u00e4hlergemeinschaft:<\/strong><br \/>\nGabriele Parting<br \/>\nFriedhofsweg 10<br \/>\n41352 Korschenbroich-Kleinenbroich<\/p>\n<p>Email: info@die-aktive.de<\/p>\n<h2>Bankverbindung<\/h2>\n<p>Volksbank M\u00f6nchengladbach, Bankleitzahl: 310 605 17, Kontonummer: 110 471 701 9<\/p>\n<h2>Vertretungsberechtigter Vorstand<\/h2>\n<p>Gabriele Parting und Hanns-Lothar Endell<\/p>\n<h2>Inhaltlich Verantwortlicher gem. \u00a7 10 Abs. MDStV<\/h2>\n<p>Gabriele Parting<br \/>\nFriedhofsweg 10<br \/>\n41352 Korschenbroich<\/p>\n<h2>Haftungshinweis<\/h2>\n<p>Trotz sorgf\u00e4ltiger inhaltlicher Kontrolle \u00fcbernehmen wir keine Haftung f\u00fcr die Inhalte externer Links.<br \/>\nF\u00fcr den Inhalt der verlinkten Seiten sind ausschlie\u00dflich deren Betreiber verantwortlich.<\/p>\n<p>webdesign\u00a0<b>frank goebel<\/b>,\u00a0<a href=\"mailto:webmaster@die-aktive.de\">webmaster@die-aktive.de<\/a><\/p>\n","protected":false},"excerpt":{"rendered":"<p>Kontaktadressen: F\u00fcr die Fraktion: Hanns-Lothar Endell Hubertusstra\u00dfe 10a 41352 Korschenbroich-Herrenshoff Email: fraktion@die-aktive.de F\u00fcr die W\u00e4hlergemeinschaft: Gabriele Parting Friedhofsweg 10 41352 Korschenbroich-Kleinenbroich Email: info@die-aktive.de Bankverbindung Volksbank M\u00f6nchengladbach, Bankleitzahl: 310 605 17, Kontonummer: 110 471 701 9 Vertretungsberechtigter Vorstand Gabriele Parting und &hellip; <a href=\"http:\/\/blog.die-aktive.de\/?page_id=1434\">Weiterlesen <span class=\"meta-nav\">&rarr;<\/span><\/a><\/p>\n","protected":false},"author":5,"featured_media":0,"parent":0,"menu_order":0,"comment_status":"closed","ping_status":"closed","template":"","meta":[],"_links":{"self":[{"href":"http:\/\/blog.die-aktive.de\/index.php?rest_route=\/wp\/v2\/pages\/1434"}],"collection":[{"href":"http:\/\/blog.die-aktive.de\/index.php?rest_route=\/wp\/v2\/pages"}],"about":[{"href":"http:\/\/blog.die-aktive.de\/index.php?rest_route=\/wp\/v2\/types\/page"}],"author":[{"embeddable":true,"href":"http:\/\/blog.die-aktive.de\/index.php?rest_route=\/wp\/v2\/users\/5"}],"replies":[{"embeddable":true,"href":"http:\/\/blog.die-aktive.de\/index.php?rest_route=%2Fwp%2Fv2%2Fcomments&post=1434"}],"version-history":[{"count":7,"href":"http:\/\/blog.die-aktive.de\/index.php?rest_route=\/wp\/v2\/pages\/1434\/revisions"}],"predecessor-version":[{"id":20679,"href":"http:\/\/blog.die-aktive.de\/index.php?rest_route=\/wp\/v2\/pages\/1434\/revisions\/20679"}],"wp:attachment":[{"href":"http:\/\/blog.die-aktive.de\/index.php?rest_route=%2Fwp%2Fv2%2Fmedia&parent=1434"}],"curies":[{"name":"wp","href":"https:\/\/api.w.org\/{rel}","templated":true}]}}