{"id":1408,"date":"2013-05-08T21:18:01","date_gmt":"2013-05-08T19:18:01","guid":{"rendered":"http:\/\/blog.die-aktive.de\/?page_id=1408"},"modified":"2013-06-30T18:23:19","modified_gmt":"2013-06-30T16:23:19","slug":"ziele","status":"publish","type":"page","link":"http:\/\/blog.die-aktive.de\/?page_id=1408","title":{"rendered":"Ziele"},"content":{"rendered":"<h1>Wer wir sind&#8230;<\/h1>\n<p><b>Aktive B\u00fcrger Gemeinschaft <\/b>genannt <b>&#8222;Die Aktive&#8220;<\/b>. Wir sind ein Zusammenschluss engagierter B\u00fcrger aus allen Gesellschaftsschichten. Entstanden sind wir 2003 aus Grundwasser-Aktiven. Demokratiedefizite, Transparenz und B\u00fcrgerbeteiligung, Steuerverschwendung, L\u00f6sung des Grundwasserproblems und die Haushaltssituation sind unsere Schwerpunktthemen.<\/p>\n<p>Wir finanzieren uns ausschlie\u00dflich durch Spenden und Mitgliedsbeitr\u00e4ge derer, die unsere Ziele unterst\u00fctzen. Wir sind keine Partei und achten besonders auf parteipolitische Neutralit\u00e4t. Das \u00fcberkommene Parteienspektrum von &#8222;links und rechts&#8220; und die dazugeh\u00f6rigen festgef\u00fcgten Ideologien lehnen wir ab.<\/p>\n<p>Seit dem 26.09.2004 stellen wir die drittst\u00e4rkste Fraktion im Rat der Stadt Korschenbroich mit insgesamt 8 Vertretern. Jutta Goebel und Wolfgang Wiedemann wurden als Direktkandidaten gew\u00e4hlt.<br \/>\nManfred Henninger, Christian K\u00fclbs, Peter Dr\u00fcll, Rolf Schmier, Hanns-Lothar Endell und Dr. Heinrich Kalthoff sind als weitere Vertreter in den Stadtrat eingezogen. Gabi Dietrich ist unsere Vertreterin im Kreistag des Rhein-Kreis Neuss.<\/p>\n<h1>Was wir wollen&#8230;<\/h1>\n<p>Die Politik auf der kommunalen Ebene ebenso wie auf der Landes- und Bundesebene entfernt sich immer weiter von den B\u00fcrgern. Unsere Stadt ben\u00f6tigt dringender denn je eine b\u00fcrgernahe Politik, die sich konsequent f\u00fcr die hier lebenden Menschen einsetzt und sich parteipolitisch unabh\u00e4ngig sowie ideologiefrei ausschlie\u00dflich an den Interessen der B\u00fcrgerinnen und B\u00fcrger der Stadt Korschenbroich orientiert. Deshalb haben wir regelm\u00e4\u00dfige B\u00fcrgersprechstunden eingerichtet, verteilen Flyer, haben in einigen Stadteilen Schauk\u00e4sten eingerichtet und sind neben der M\u00f6glichkeit der Kontaktaufnahme auf unserer Internetseite auch sonst immer f\u00fcr die B\u00fcrgerinnen und B\u00fcrger ansprechbar.<\/p>\n<p>Die <b>&#8222;Aktive B\u00fcrger Gemeinschaft&#8220;<\/b> will die Methode und den Geist, in dem Politik heute stattfindet, ver\u00e4ndern. Unser Ziel ist die Aufhebung der starren Trennung zwischen Politikern und B\u00fcrgern, zwischen &#8222;Verwaltern und Verwalteten&#8220; durch Einbeziehung der B\u00fcrger in den politischen Prozess. Wir wollen ein politisches Umfeld schaffen, in dem unabh\u00e4ngige B\u00fcrgerinnen und B\u00fcrger bereit sind, ihr Engagement und ihren Sachverstand zur Bew\u00e4ltigung politischer Aufgaben einzubringen. Die <b>&#8222;Aktive B\u00fcrger Gemeinschaft &#8211; Die Aktive &#8222;<\/b> stellte sich daher erstmals bei der Kommunalwahl 2004 mit einem eigenem Programm zur Wahl.<\/p>\n<p>Wir wollten die absolute Mehrheit einer Partei verhindern, die dem B\u00fcrger &#8222;verordnet&#8220; anstatt das sachgerechte Miteinander zu finden. Dieses Ziel haben wir erreicht!<\/p>\n<p>Wir werden Politik von der Basis gestalten &#8211; mit Ihrer Mithilfe!<\/p>\n<p>Das Motto der Stadt &#8222;Korschenbroich &#8211; hier l\u00e4sst es sich leben&#8220; muss wieder G\u00fcltigkeit erlangen.<\/p>\n","protected":false},"excerpt":{"rendered":"<p>Wer wir sind&#8230; Aktive B\u00fcrger Gemeinschaft genannt &#8222;Die Aktive&#8220;. Wir sind ein Zusammenschluss engagierter B\u00fcrger aus allen Gesellschaftsschichten. Entstanden sind wir 2003 aus Grundwasser-Aktiven. Demokratiedefizite, Transparenz und B\u00fcrgerbeteiligung, Steuerverschwendung, L\u00f6sung des Grundwasserproblems und die Haushaltssituation sind unsere Schwerpunktthemen. Wir finanzieren &hellip; <a href=\"http:\/\/blog.die-aktive.de\/?page_id=1408\">Weiterlesen <span class=\"meta-nav\">&rarr;<\/span><\/a><\/p>\n","protected":false},"author":5,"featured_media":0,"parent":1478,"menu_order":20,"comment_status":"closed","ping_status":"closed","template":"","meta":[],"_links":{"self":[{"href":"http:\/\/blog.die-aktive.de\/index.php?rest_route=\/wp\/v2\/pages\/1408"}],"collection":[{"href":"http:\/\/blog.die-aktive.de\/index.php?rest_route=\/wp\/v2\/pages"}],"about":[{"href":"http:\/\/blog.die-aktive.de\/index.php?rest_route=\/wp\/v2\/types\/page"}],"author":[{"embeddable":true,"href":"http:\/\/blog.die-aktive.de\/index.php?rest_route=\/wp\/v2\/users\/5"}],"replies":[{"embeddable":true,"href":"http:\/\/blog.die-aktive.de\/index.php?rest_route=%2Fwp%2Fv2%2Fcomments&post=1408"}],"version-history":[{"count":5,"href":"http:\/\/blog.die-aktive.de\/index.php?rest_route=\/wp\/v2\/pages\/1408\/revisions"}],"predecessor-version":[{"id":2673,"href":"http:\/\/blog.die-aktive.de\/index.php?rest_route=\/wp\/v2\/pages\/1408\/revisions\/2673"}],"up":[{"embeddable":true,"href":"http:\/\/blog.die-aktive.de\/index.php?rest_route=\/wp\/v2\/pages\/1478"}],"wp:attachment":[{"href":"http:\/\/blog.die-aktive.de\/index.php?rest_route=%2Fwp%2Fv2%2Fmedia&parent=1408"}],"curies":[{"name":"wp","href":"https:\/\/api.w.org\/{rel}","templated":true}]}}